{"id":1506,"date":"2022-12-19T14:35:39","date_gmt":"2022-12-19T14:35:39","guid":{"rendered":"http:\/\/www.tecnotraguas.co.mz\/?page_id=1506"},"modified":"2023-03-14T19:45:10","modified_gmt":"2023-03-14T17:45:10","slug":"portfolio","status":"publish","type":"page","link":"https:\/\/www.tecnotraguas.co.mz\/en\/portfolio\/","title":{"rendered":"Portfolio"},"content":{"rendered":"<div data-elementor-type=\"wp-page\" data-elementor-id=\"1506\" class=\"elementor elementor-1506\">\n\t\t\t\t\t\t\t\t\t<section class=\"elementor-section elementor-top-section elementor-element elementor-element-129f3821 elementor-section-height-min-height elementor-section-boxed elementor-section-height-default elementor-section-items-middle\" data-id=\"129f3821\" data-element_type=\"section\" data-settings=\"{&quot;background_background&quot;:&quot;classic&quot;}\">\n\t\t\t\t\t\t\t<div class=\"elementor-background-overlay\"><\/div>\n\t\t\t\t\t\t\t<div class=\"elementor-container elementor-column-gap-default\">\n\t\t\t\t\t<div class=\"elementor-column elementor-col-100 elementor-top-column elementor-element elementor-element-30db24fb\" data-id=\"30db24fb\" data-element_type=\"column\">\n\t\t\t<div class=\"elementor-widget-wrap elementor-element-populated\">\n\t\t\t\t\t\t\t\t<div class=\"elementor-element elementor-element-a0c21b2 elementor-widget elementor-widget-elementskit-heading\" data-id=\"a0c21b2\" data-element_type=\"widget\" data-widget_type=\"elementskit-heading.default\">\n\t\t\t\t<div class=\"elementor-widget-container\">\n\t\t\t<div class=\"ekit-wid-con\" ><div class=\"ekit-heading elementskit-section-title-wraper text_center   ekit_heading_tablet-   ekit_heading_mobile-\"><h2 class=\"ekit-heading--title elementskit-section-title\">Gallery <\/h2><\/div><\/div>\t\t<\/div>\n\t\t\t\t<\/div>\n\t\t\t\t\t<\/div>\n\t\t<\/div>\n\t\t\t\t\t\t\t<\/div>\n\t\t<\/section>\n\t\t\t\t<section class=\"elementor-section elementor-top-section elementor-element elementor-element-760eef1d elementor-section-boxed elementor-section-height-default elementor-section-height-default\" data-id=\"760eef1d\" data-element_type=\"section\" data-settings=\"{&quot;background_background&quot;:&quot;classic&quot;}\">\n\t\t\t\t\t\t<div class=\"elementor-container elementor-column-gap-default\">\n\t\t\t\t\t<div class=\"elementor-column elementor-col-100 elementor-top-column elementor-element elementor-element-254dce40\" data-id=\"254dce40\" data-element_type=\"column\">\n\t\t\t<div class=\"elementor-widget-wrap elementor-element-populated\">\n\t\t\t\t\t\t\t\t<section class=\"elementor-section elementor-inner-section elementor-element elementor-element-3a139813 elementor-section-boxed elementor-section-height-default elementor-section-height-default\" data-id=\"3a139813\" data-element_type=\"section\">\n\t\t\t\t\t\t<div class=\"elementor-container elementor-column-gap-default\">\n\t\t\t\t\t<div class=\"elementor-column elementor-col-50 elementor-inner-column elementor-element elementor-element-8846745\" data-id=\"8846745\" data-element_type=\"column\">\n\t\t\t<div class=\"elementor-widget-wrap elementor-element-populated\">\n\t\t\t\t\t\t\t\t<div class=\"elementor-element elementor-element-90f79a7 elementor-widget elementor-widget-elpug\" data-id=\"90f79a7\" data-element_type=\"widget\" data-widget_type=\"elpug.default\">\n\t\t\t\t<div class=\"elementor-widget-container\">\n\t\t\t\t\t\r\n\r\n\t\t\r\n\t\t<div class=\"elpt-portfolio\"><div class=\"elpt-portfolio-filter\"><button class=\"portfolio-filter-item item-active\" data-filter=\"*\" style=\"background-color:;\">All <\/button><button class=\"portfolio-filter-item\" style=\"background-color:;\" data-filter=\".elemenfoliocategory-fornecimento\">Supply<\/button><button class=\"portfolio-filter-item\" style=\"background-color:;\" data-filter=\".elemenfoliocategory-instalacao\">Installation<\/button><button class=\"portfolio-filter-item\" style=\"background-color:;\" data-filter=\".elemenfoliocategory-manutencao\">Maintenance<\/button><\/div><div class=\"elpt-portfolio-content elpt-portfolio-content-isotope elpt-portfolio-style-box  simple elpt-portfolio-columns-3  elpt-portfolio-margin\"><div class=\"portfolio-item-wrapper 2086  post-2086  elemenfolio  type-elemenfolio  status-publish  has-post-thumbnail  hentry  elemenfoliocategory-fornecimento\"><a href=\"https:\/\/www.tecnotraguas.co.mz\/en\/portfolio\/fornecimento\/\" class=\"portfolio-item\"  style=\"background-image: url(https:\/\/www.tecnotraguas.co.mz\/wp-content\/uploads\/2023\/03\/7.png)\" title=\"Supply\"><img decoding=\"async\" src=\"https:\/\/www.tecnotraguas.co.mz\/wp-content\/uploads\/2023\/03\/7.png\" title=\"Supply\" alt=\"Fornecimento\"\/><div class=\"portfolio-item-infos-wrapper\" style=\"background-color:;\"><div class=\"portfolio-item-infos\"><div class=\"portfolio-item-title\"><span class=\"portfolio-item-title-span\">Supply<\/span><\/div><div class=\"portfolio-item-category\"><span class=\"elpt-portfolio-cat\">Supply<\/span><\/div><\/div><\/div><\/a><\/div><div class=\"portfolio-item-wrapper 2083  post-2083  elemenfolio  type-elemenfolio  status-publish  has-post-thumbnail  hentry  elemenfoliocategory-instalacao\"><a href=\"https:\/\/www.tecnotraguas.co.mz\/en\/portfolio\/instalacao\/\" class=\"portfolio-item\"  style=\"background-image: url(https:\/\/www.tecnotraguas.co.mz\/wp-content\/uploads\/2023\/03\/1.png)\" title=\"Installation\"><img decoding=\"async\" src=\"https:\/\/www.tecnotraguas.co.mz\/wp-content\/uploads\/2023\/03\/1.png\" title=\"Installation\" alt=\"Instala\u00e7\u00e3o\"\/><div class=\"portfolio-item-infos-wrapper\" style=\"background-color:;\"><div class=\"portfolio-item-infos\"><div class=\"portfolio-item-title\"><span class=\"portfolio-item-title-span\">Installation<\/span><\/div><div class=\"portfolio-item-category\"><span class=\"elpt-portfolio-cat\">Installation<\/span><\/div><\/div><\/div><\/a><\/div><div class=\"portfolio-item-wrapper 1961  post-1961  elemenfolio  type-elemenfolio  status-publish  has-post-thumbnail  hentry  elemenfoliocategory-manutencao\"><a href=\"https:\/\/www.tecnotraguas.co.mz\/en\/portfolio\/portfolio\/\" class=\"portfolio-item\"  style=\"background-image: url(https:\/\/www.tecnotraguas.co.mz\/wp-content\/uploads\/2023\/02\/3.png)\" title=\"Maintenance\"><img decoding=\"async\" src=\"https:\/\/www.tecnotraguas.co.mz\/wp-content\/uploads\/2023\/02\/3.png\" title=\"Maintenance\" alt=\"Manuten\u00e7\u00e3o\"\/><div class=\"portfolio-item-infos-wrapper\" style=\"background-color:;\"><div class=\"portfolio-item-infos\"><div class=\"portfolio-item-title\"><span class=\"portfolio-item-title-span\">Maintenance<\/span><\/div><div class=\"portfolio-item-category\"><span class=\"elpt-portfolio-cat\">Maintenance<\/span><\/div><\/div><\/div><\/a><\/div><\/div><\/div>\t\t\r\n\r\n\t\t\t\r\n\r\n\t\t<script><\/script>\r\n\t\t\t\r\n\r\n\t\t\t\t<\/div>\n\t\t\t\t<\/div>\n\t\t\t\t\t<\/div>\n\t\t<\/div>\n\t\t\t\t<div class=\"elementor-column elementor-col-50 elementor-inner-column elementor-element elementor-element-3d104ee7\" data-id=\"3d104ee7\" data-element_type=\"column\" data-settings=\"{&quot;background_background&quot;:&quot;classic&quot;}\">\n\t\t\t<div class=\"elementor-widget-wrap elementor-element-populated\">\n\t\t\t\t\t\t\t\t<div class=\"elementor-element elementor-element-0cc0fbe elementor-widget elementor-widget-spacer\" data-id=\"0cc0fbe\" data-element_type=\"widget\" data-widget_type=\"spacer.default\">\n\t\t\t\t<div class=\"elementor-widget-container\">\n\t\t\t<style>\/*! elementor - v3.13.3 - 22-05-2023 *\/\n.elementor-column .elementor-spacer-inner{height:var(--spacer-size)}.e-con{--container-widget-width:100%}.e-con-inner>.elementor-widget-spacer,.e-con>.elementor-widget-spacer{width:var(--container-widget-width,var(--spacer-size));--align-self:var(--container-widget-align-self,initial);--flex-shrink:0}.e-con-inner>.elementor-widget-spacer>.elementor-widget-container,.e-con-inner>.elementor-widget-spacer>.elementor-widget-container>.elementor-spacer,.e-con>.elementor-widget-spacer>.elementor-widget-container,.e-con>.elementor-widget-spacer>.elementor-widget-container>.elementor-spacer{height:100%}.e-con-inner>.elementor-widget-spacer>.elementor-widget-container>.elementor-spacer>.elementor-spacer-inner,.e-con>.elementor-widget-spacer>.elementor-widget-container>.elementor-spacer>.elementor-spacer-inner{height:var(--container-widget-height,var(--spacer-size))}<\/style>\t\t<div class=\"elementor-spacer\">\n\t\t\t<div class=\"elementor-spacer-inner\"><\/div>\n\t\t<\/div>\n\t\t\t\t<\/div>\n\t\t\t\t<\/div>\n\t\t\t\t<div class=\"elementor-element elementor-element-4ddf9be1 elementor-invisible elementor-widget elementor-widget-elementskit-heading\" data-id=\"4ddf9be1\" data-element_type=\"widget\" data-settings=\"{&quot;_animation&quot;:&quot;fadeInUp&quot;}\" data-widget_type=\"elementskit-heading.default\">\n\t\t\t\t<div class=\"elementor-widget-container\">\n\t\t\t<div class=\"ekit-wid-con\" ><div class=\"ekit-heading elementskit-section-title-wraper text_center   ekit_heading_tablet-   ekit_heading_mobile-\"><h2 class=\"ekit-heading--title elementskit-section-title\">Our portfolio <\/h2><\/div><\/div>\t\t<\/div>\n\t\t\t\t<\/div>\n\t\t\t\t<div class=\"elementor-element elementor-element-6a8b7123 elementor-widget__width-initial elementor-absolute elementor-hidden-phone elementor-widget elementor-widget-image\" data-id=\"6a8b7123\" data-element_type=\"widget\" data-settings=\"{&quot;_position&quot;:&quot;absolute&quot;}\" data-widget_type=\"image.default\">\n\t\t\t\t<div class=\"elementor-widget-container\">\n\t\t\t<style>\/*! elementor - v3.13.3 - 22-05-2023 *\/\n.elementor-widget-image{text-align:center}.elementor-widget-image a{display:inline-block}.elementor-widget-image a img[src$=\".svg\"]{width:48px}.elementor-widget-image img{vertical-align:middle;display:inline-block}<\/style>\t\t\t\t\t\t\t\t\t\t\t\t<img decoding=\"async\" src=\"http:\/\/192.168.5.206\/wp-content\/uploads\/2022\/12\/dots.png\" title=\"\" alt=\"\" loading=\"lazy\" \/>\t\t\t\t\t\t\t\t\t\t\t\t\t\t\t<\/div>\n\t\t\t\t<\/div>\n\t\t\t\t\t<\/div>\n\t\t<\/div>\n\t\t\t\t\t\t\t<\/div>\n\t\t<\/section>\n\t\t\t\t\t<\/div>\n\t\t<\/div>\n\t\t\t\t\t\t\t<\/div>\n\t\t<\/section>\n\t\t\t\t\t\t\t<\/div>","protected":false},"excerpt":{"rendered":"<p>Galaria Todos FornecimentoInstala\u00e7\u00e3oManuten\u00e7\u00e3o Nosso portfolio<\/p>","protected":false},"author":1,"featured_media":0,"parent":0,"menu_order":0,"comment_status":"closed","ping_status":"closed","template":"elementor_header_footer","meta":{"footnotes":""},"class_list":["post-1506","page","type-page","status-publish","hentry"],"_links":{"self":[{"href":"https:\/\/www.tecnotraguas.co.mz\/en\/wp-json\/wp\/v2\/pages\/1506","targetHints":{"allow":["GET"]}}],"collection":[{"href":"https:\/\/www.tecnotraguas.co.mz\/en\/wp-json\/wp\/v2\/pages"}],"about":[{"href":"https:\/\/www.tecnotraguas.co.mz\/en\/wp-json\/wp\/v2\/types\/page"}],"author":[{"embeddable":true,"href":"https:\/\/www.tecnotraguas.co.mz\/en\/wp-json\/wp\/v2\/users\/1"}],"replies":[{"embeddable":true,"href":"https:\/\/www.tecnotraguas.co.mz\/en\/wp-json\/wp\/v2\/comments?post=1506"}],"version-history":[{"count":63,"href":"https:\/\/www.tecnotraguas.co.mz\/en\/wp-json\/wp\/v2\/pages\/1506\/revisions"}],"predecessor-version":[{"id":2109,"href":"https:\/\/www.tecnotraguas.co.mz\/en\/wp-json\/wp\/v2\/pages\/1506\/revisions\/2109"}],"wp:attachment":[{"href":"https:\/\/www.tecnotraguas.co.mz\/en\/wp-json\/wp\/v2\/media?parent=1506"}],"curies":[{"name":"wp","href":"https:\/\/api.w.org\/{rel}","templated":true}]}}